{"id":62,"date":"2019-11-06T22:09:51","date_gmt":"2019-11-06T22:09:51","guid":{"rendered":"https:\/\/www.gabinetps.pl\/?page_id=62"},"modified":"2019-11-06T22:24:15","modified_gmt":"2019-11-06T22:24:15","slug":"oferta-terapia-mlodziezy-i-doroslych","status":"publish","type":"page","link":"https:\/\/www.gabinetps.pl\/?page_id=62","title":{"rendered":"oferta &#8211; Terapia m\u0142odzie\u017cy i doros\u0142ych"},"content":{"rendered":"<p>[et_pb_section fb_built=&#8221;1&#8243; custom_padding_last_edited=&#8221;on|desktop&#8221; admin_label=&#8221;Header&#8221; _builder_version=&#8221;3.26&#8243; background_image=&#8221;https:\/\/www.gabinetps.pl\/wp-content\/uploads\/2019\/11\/psychologist-01.jpg&#8221; parallax=&#8221;on&#8221; custom_margin=&#8221;40px|40px||40px|false|true&#8221; custom_margin_tablet=&#8221;&#8221; custom_margin_phone=&#8221;20px|20px||20px|false|true&#8221; custom_margin_last_edited=&#8221;on|desktop&#8221; custom_padding=&#8221;100px|0px|0px|||&#8221; custom_padding_tablet=&#8221;40px||||false|false&#8221; custom_padding_phone=&#8221;&#8221; border_radii_phone=&#8221;on|20px|20px|20px|20px&#8221; border_radii_last_edited=&#8221;off|desktop&#8221;][et_pb_row custom_padding_last_edited=&#8221;on|tablet&#8221; _builder_version=&#8221;3.26&#8243; background_enable_color=&#8221;off&#8221; background_image=&#8221;https:\/\/www.gabinetps.pl\/wp-content\/uploads\/2019\/11\/psychologist-03.jpg&#8221; parallax=&#8221;on&#8221; transform_scale_tablet=&#8221;&#8221; transform_scale_phone=&#8221;&#8221; transform_scale_last_edited=&#8221;on|desktop&#8221; transform_translate=&#8221;30px|0px&#8221; transform_translate_tablet=&#8221;0px|0px&#8221; transform_translate_phone=&#8221;&#8221; transform_translate_last_edited=&#8221;on|tablet&#8221; transform_translate_linked=&#8221;off&#8221; transform_rotate_tablet=&#8221;&#8221; transform_rotate_phone=&#8221;&#8221; transform_rotate_last_edited=&#8221;on|desktop&#8221; transform_skew_tablet=&#8221;&#8221; transform_skew_phone=&#8221;&#8221; transform_skew_last_edited=&#8221;on|desktop&#8221; transform_origin_tablet=&#8221;&#8221; transform_origin_phone=&#8221;&#8221; transform_origin_last_edited=&#8221;on|desktop&#8221; transform_styles_last_edited=&#8221;on|tablet&#8221; width_tablet=&#8221;90%&#8221; width_phone=&#8221;&#8221; width_last_edited=&#8221;on|desktop&#8221; max_width=&#8221;1200px&#8221; custom_padding=&#8221;100px|60px|100px|60px|true|true&#8221; custom_padding_tablet=&#8221;60px||60px||true|true&#8221; custom_padding_phone=&#8221;40px|20px|40px|20px|true|true&#8221; transform_styles_tablet=&#8221;&#8221; transform_styles_phone=&#8221;&#8221; border_radii_phone=&#8221;off|8px|8px||&#8221; border_radii_last_edited=&#8221;off|desktop&#8221; box_shadow_style=&#8221;preset3&#8243; box_shadow_vertical=&#8221;40px&#8221; box_shadow_blur=&#8221;110px&#8221; box_shadow_spread=&#8221;0px&#8221; box_shadow_color=&#8221;rgba(9,6,38,0.62)&#8221;][et_pb_column type=&#8221;4_4&#8243; _builder_version=&#8221;3.26&#8243;][et_pb_text _builder_version=&#8221;3.27.4&#8243; text_font_size=&#8221;17px&#8221; text_line_height=&#8221;1.8em&#8221; header_font=&#8221;Taviraj||||||||&#8221; header_font_size=&#8221;60px&#8221; header_line_height=&#8221;1.2em&#8221; text_orientation=&#8221;center&#8221; max_width=&#8221;800px&#8221; max_width_last_edited=&#8221;off|desktop&#8221; module_alignment=&#8221;center&#8221; text_font_size_tablet=&#8221;&#8221; text_font_size_phone=&#8221;15px&#8221; text_font_size_last_edited=&#8221;on|desktop&#8221; header_font_size_tablet=&#8221;40px&#8221; header_font_size_phone=&#8221;30px&#8221; header_font_size_last_edited=&#8221;on|desktop&#8221; text_text_align=&#8221;center&#8221;]<\/p>\n<h1>Oferta dla Ciebie<\/h1>\n<p>Staram si\u0119 podej\u015b\u0107 do ka\u017cdego z Was indywidualnie, dlatego powsta\u0142y r\u00f3\u017cnorodne zaj\u0119cia oraz warsztaty &#8211; ka\u017cdy w innej dziedzinie..<\/p>\n<p>[\/et_pb_text][\/et_pb_column][\/et_pb_row][\/et_pb_section][et_pb_section fb_built=&#8221;1&#8243; admin_label=&#8221;Services&#8221; _builder_version=&#8221;3.26&#8243; background_color=&#8221;rgba(0,0,0,0)&#8221; custom_margin=&#8221;|40px||40px|false|true&#8221; custom_margin_tablet=&#8221;&#8221; custom_margin_phone=&#8221;|20px||20px|false|true&#8221; custom_margin_last_edited=&#8221;on|tablet&#8221; custom_padding=&#8221;0px||140px|||&#8221;][et_pb_row custom_padding_last_edited=&#8221;on|desktop&#8221; _builder_version=&#8221;3.26.3&#8243; background_color=&#8221;#ffffff&#8221; width_tablet=&#8221;90%&#8221; width_phone=&#8221;90%&#8221; width_last_edited=&#8221;on|desktop&#8221; max_width=&#8221;1200px&#8221; overflow-x=&#8221;visible&#8221; overflow-y=&#8221;visible&#8221; custom_margin=&#8221;-30px|auto||auto|false|false&#8221; custom_padding=&#8221;34px|60px|34px|90px|true|false&#8221; custom_padding_tablet=&#8221;|||60px|false|false&#8221; custom_padding_phone=&#8221;|20px||20px|false|true&#8221; z_index=&#8221;0&#8243; box_shadow_style=&#8221;preset3&#8243; box_shadow_vertical=&#8221;40px&#8221; box_shadow_blur=&#8221;110px&#8221; box_shadow_spread=&#8221;0px&#8221; box_shadow_color=&#8221;rgba(131,146,167,0.5)&#8221; width__hover_enabled=&#8221;off&#8221;][et_pb_column type=&#8221;4_4&#8243; _builder_version=&#8221;3.26&#8243; background_color=&#8221;rgba(0,0,0,0.03)&#8221; custom_padding=&#8221;30px|30px|30px|30px|true|true&#8221;][et_pb_text ul_position=&#8221;inside&#8221; _builder_version=&#8221;3.27.4&#8243; text_font_size=&#8221;17px&#8221; text_line_height=&#8221;1.8em&#8221; ul_line_height=&#8221;1.8em&#8221; header_2_font=&#8221;Taviraj||||||||&#8221; header_2_font_size=&#8221;46px&#8221; header_2_line_height=&#8221;1.2em&#8221; header_3_font=&#8221;Taviraj|600|||||||&#8221; header_3_font_size=&#8221;30px&#8221; header_3_line_height=&#8221;1.2em&#8221; header_4_font=&#8221;Taviraj|600|||||||&#8221; header_4_font_size=&#8221;20px&#8221; header_4_line_height=&#8221;1.2em&#8221; text_orientation=&#8221;center&#8221; max_width=&#8221;100%&#8221; max_width_tablet=&#8221;100%&#8221; max_width_phone=&#8221;100%&#8221; max_width_last_edited=&#8221;off|desktop&#8221; link_option_url=&#8221;#&#8221; text_font_size_tablet=&#8221;&#8221; text_font_size_phone=&#8221;15px&#8221; text_font_size_last_edited=&#8221;on|desktop&#8221; header_2_font_size_tablet=&#8221;40px&#8221; header_2_font_size_phone=&#8221;30px&#8221; header_2_font_size_last_edited=&#8221;on|phone&#8221; header_3_font_size_tablet=&#8221;&#8221; header_3_font_size_phone=&#8221;18px&#8221; header_3_font_size_last_edited=&#8221;on|phone&#8221; text_text_align=&#8221;center&#8221; custom_padding=&#8221;||0px|||&#8221; custom_margin=&#8221;||-1px|||&#8221;]<\/p>\n<h3>Indywidualna terapia dla m\u0142odzie\u017cy i doros\u0142ych<\/h3>\n<ul><\/ul>\n<p>[\/et_pb_text][et_pb_toggle title=&#8221;Terapia m\u0142odzie\u017cy&#8221; _builder_version=&#8221;4.0.5&#8243; open=&#8221;on&#8221; hover_enabled=&#8221;0&#8243; title_font_size=&#8221;24px&#8221;]<\/p>\n<p>Pomoc psychologiczna i wsparcie dla m\u0142odzie\u017cy i m\u0142odych doros\u0142ych oparta na terapii prowadzonej w nurcie poznawczo\u2013behawioralnym (CBT) uznanej za jedn\u0105 z najbardziej skutecznych.\u00a0<\/p>\n<p>Ten rodzaj terapii oparty jest na zasadzie behawioryzmu , czyli wp\u0142ywu otoczenia, bod\u017ac\u00f3w i do\u015bwiadcze\u0144 na post\u0119powanie, zachowanie i my\u015blenie cz\u0142owieka. Znajduje zastosowanie w\u00a0 leczeniu i korygowaniu szerokiego spektrum problem\u00f3w i zaburze\u0144 emocjonalnych\u00a0 oraz psychicznych dotykaj\u0105cych\u00a0 nastolatki i m\u0142odych doros\u0142ych.<\/p>\n<p>[\/et_pb_toggle][et_pb_toggle title=&#8221;Terapia doros\u0142ych&#8221; _builder_version=&#8221;4.0.5&#8243; open=&#8221;on&#8221; hover_enabled=&#8221;0&#8243; title_font_size=&#8221;24px&#8221;]<\/p>\n<p>Pomoc psychologiczna i wsparcie z zastosowaniem terapii opartej na nurcie behawioralno \u2013 poznawczym (CBT).<\/p>\n<p>Metoda ta skutecznie eliminuje i poprawia jako\u015b\u0107 funkcjonowania os\u00f3b doros\u0142ych zmagaj\u0105cych si\u0119 z wieloma kryzysami psychicznymi\u00a0 i trudno\u015bciami w codziennym funkcjonowaniu. Pomaga w przywracaniu r\u00f3wnowagi psychicznej i poprawie jako\u015bci \u017cycia po prze\u017cyciach traumatycznych \u00a0i bie\u017c\u0105cych problemach \u017cyciowych.<\/p>\n<p>[\/et_pb_toggle][et_pb_text ul_position=&#8221;inside&#8221; _builder_version=&#8221;3.27.4&#8243; text_font_size=&#8221;17px&#8221; text_line_height=&#8221;1.8em&#8221; ul_line_height=&#8221;1.8em&#8221; header_2_font=&#8221;Taviraj||||||||&#8221; header_2_font_size=&#8221;46px&#8221; header_2_line_height=&#8221;1.2em&#8221; header_3_font=&#8221;Taviraj|600|||||||&#8221; header_3_font_size=&#8221;30px&#8221; header_3_line_height=&#8221;1.2em&#8221; header_4_font=&#8221;Taviraj|600|||||||&#8221; header_4_font_size=&#8221;20px&#8221; header_4_line_height=&#8221;1.2em&#8221; text_orientation=&#8221;center&#8221; max_width=&#8221;100%&#8221; max_width_tablet=&#8221;100%&#8221; max_width_phone=&#8221;100%&#8221; max_width_last_edited=&#8221;off|desktop&#8221; link_option_url=&#8221;#&#8221; text_font_size_tablet=&#8221;&#8221; text_font_size_phone=&#8221;15px&#8221; text_font_size_last_edited=&#8221;on|desktop&#8221; header_2_font_size_tablet=&#8221;40px&#8221; header_2_font_size_phone=&#8221;30px&#8221; header_2_font_size_last_edited=&#8221;on|phone&#8221; header_3_font_size_tablet=&#8221;&#8221; header_3_font_size_phone=&#8221;18px&#8221; header_3_font_size_last_edited=&#8221;on|phone&#8221; text_text_align=&#8221;center&#8221; custom_padding=&#8221;||0px|||&#8221; custom_margin=&#8221;||-1px|||&#8221;]<\/p>\n<h3>Zaj\u0119cia terapeutyczne<\/h3>\n<ul><\/ul>\n<p>[\/et_pb_text][et_pb_toggle title=&#8221;Zaj\u0119cia terapeutyczne dla dzieci i m\u0142odzie\u017cy z Aspergerem&#8221; _builder_version=&#8221;4.0.5&#8243; open=&#8221;on&#8221; hover_enabled=&#8221;0&#8243; title_font_size=&#8221;24px&#8221;]<\/p>\n<p>Wsparcie i trening interpersonalny jako spos\u00f3b na popraw\u0119 samopoczucia i funkcjonowania w \u015brodowisku spo\u0142ecznym \u2013 r\u00f3wie\u015bniczym,<br \/>a tak\u017ce w relacjach z doros\u0142ymi.<\/p>\n<p>Zaj\u0119cia form\u0105 i tre\u015bci\u0105 dostosowane s\u0105\u00a0 do wieku rozwojowego\u00a0 z uwzgl\u0119dnieniem indywidualnych potrzeb uczestnik\u00f3w.\u00a0<\/p>\n<p>[\/et_pb_toggle][et_pb_text ul_position=&#8221;inside&#8221; _builder_version=&#8221;3.27.4&#8243; text_font_size=&#8221;17px&#8221; text_line_height=&#8221;1.8em&#8221; ul_line_height=&#8221;1.8em&#8221; header_2_font=&#8221;Taviraj||||||||&#8221; header_2_font_size=&#8221;46px&#8221; header_2_line_height=&#8221;1.2em&#8221; header_3_font=&#8221;Taviraj|600|||||||&#8221; header_3_font_size=&#8221;30px&#8221; header_3_line_height=&#8221;1.2em&#8221; header_4_font=&#8221;Taviraj|600|||||||&#8221; header_4_font_size=&#8221;20px&#8221; header_4_line_height=&#8221;1.2em&#8221; text_orientation=&#8221;center&#8221; max_width=&#8221;100%&#8221; max_width_tablet=&#8221;100%&#8221; max_width_phone=&#8221;100%&#8221; max_width_last_edited=&#8221;off|desktop&#8221; link_option_url=&#8221;#&#8221; text_font_size_tablet=&#8221;&#8221; text_font_size_phone=&#8221;15px&#8221; text_font_size_last_edited=&#8221;on|desktop&#8221; header_2_font_size_tablet=&#8221;40px&#8221; header_2_font_size_phone=&#8221;30px&#8221; header_2_font_size_last_edited=&#8221;on|phone&#8221; header_3_font_size_tablet=&#8221;&#8221; header_3_font_size_phone=&#8221;18px&#8221; header_3_font_size_last_edited=&#8221;on|phone&#8221; text_text_align=&#8221;center&#8221; custom_padding=&#8221;||0px|||&#8221; custom_margin=&#8221;||-1px|||&#8221;]<\/p>\n<h3>Warsztaty<\/h3>\n<ul><\/ul>\n<p>[\/et_pb_text][et_pb_toggle title=&#8221;Warsztaty dla kobiet&#8221; _builder_version=&#8221;4.0.5&#8243; open=&#8221;on&#8221; hover_enabled=&#8221;0&#8243; title_font_size=&#8221;24px&#8221;]<\/p>\n<p>Zapraszamy na warsztaty rozwoju osobistego. Czujesz, \u017ce czas pomy\u015ble\u0107 o sobie? Zastanawiasz si\u0119 jakie masz aktualnie potrzeby i uczucia, dok\u0105d chcesz zmierza\u0107, co chcia\u0142aby\u015b zmieni\u0107?<\/p>\n<p>Rozwa\u017casz, jak poprawi\u0107 jako\u015b\u0107 swojego \u017cycia, jak w sobie co\u015b zmieni\u0107, wzmocni\u0107 siebie?<\/p>\n<p>Przyjd\u017a na warsztaty i przy wsparciu grupy oraz psycholog\u00f3w odnajd\u017a to, czego szukasz\/potrzebujesz.<\/p>\n<p>[\/et_pb_toggle][et_pb_toggle title=&#8221;Warsztaty dla rodzic\u00f3w nastolatk\u00f3w&#8221; _builder_version=&#8221;4.0.5&#8243; open=&#8221;on&#8221; hover_enabled=&#8221;0&#8243; title_font_size=&#8221;24px&#8221;]<\/p>\n<p>To propozycja dla rodzic\u00f3w\u00a0 nastolatk\u00f3w , kt\u00f3rzy chcieliby\u00a0 podnie\u015b\u0107 swoj\u0105 skuteczno\u015b\u0107 i kompetencje rodzicielskie w procesie wychowawczym.<\/p>\n<p>Podczas warsztat\u00f3w dowiecie si\u0119 Pa\u0144stwo: <br \/>&#8211; dlaczego tak trudno porozumie\u0107 si\u0119 z dorastaj\u0105cym dzieckiem? <br \/>&#8211; w jaki spos\u00f3b usprawni\u0107 wzajemny dialog i osi\u0105gn\u0105\u0107 sukces wychowawczy? <br \/>&#8211; Jak wspiera\u0107 adolescenta w \u015brodowisku rodzinnym ?<\/p>\n<p>Znajdziecie Pa\u0144stwo odpowied\u017a na wiele pyta\u0144 i w\u0105tpliwo\u015bci i poskromicie w\u0142asn\u0105 bezsilno\u015b\u0107 ucz\u0105c si\u0119 praktycznych umiej\u0119tno\u015bci<\/p>\n<p>[\/et_pb_toggle][\/et_pb_column][\/et_pb_row][\/et_pb_section]<\/p>\n","protected":false},"excerpt":{"rendered":"<p>Oferta dla Ciebie Staram si\u0119 podej\u015b\u0107 do ka\u017cdego z Was indywidualnie, dlatego powsta\u0142y r\u00f3\u017cnorodne zaj\u0119cia oraz warsztaty &#8211; ka\u017cdy w innej dziedzinie..Indywidualna terapia dla m\u0142odzie\u017cy i doros\u0142ych Pomoc psychologiczna i wsparcie dla m\u0142odzie\u017cy i m\u0142odych doros\u0142ych oparta na terapii prowadzonej w nurcie poznawczo\u2013behawioralnym (CBT) uznanej za jedn\u0105 z najbardziej skutecznych.\u00a0 Ten rodzaj terapii oparty jest [&hellip;]<\/p>\n","protected":false},"author":1,"featured_media":0,"parent":0,"menu_order":0,"comment_status":"closed","ping_status":"closed","template":"","meta":{"_et_pb_use_builder":"on","_et_pb_old_content":"","_et_gb_content_width":"","footnotes":""},"class_list":["post-62","page","type-page","status-publish","hentry"],"_links":{"self":[{"href":"https:\/\/www.gabinetps.pl\/index.php?rest_route=\/wp\/v2\/pages\/62","targetHints":{"allow":["GET"]}}],"collection":[{"href":"https:\/\/www.gabinetps.pl\/index.php?rest_route=\/wp\/v2\/pages"}],"about":[{"href":"https:\/\/www.gabinetps.pl\/index.php?rest_route=\/wp\/v2\/types\/page"}],"author":[{"embeddable":true,"href":"https:\/\/www.gabinetps.pl\/index.php?rest_route=\/wp\/v2\/users\/1"}],"replies":[{"embeddable":true,"href":"https:\/\/www.gabinetps.pl\/index.php?rest_route=%2Fwp%2Fv2%2Fcomments&post=62"}],"version-history":[{"count":7,"href":"https:\/\/www.gabinetps.pl\/index.php?rest_route=\/wp\/v2\/pages\/62\/revisions"}],"predecessor-version":[{"id":73,"href":"https:\/\/www.gabinetps.pl\/index.php?rest_route=\/wp\/v2\/pages\/62\/revisions\/73"}],"wp:attachment":[{"href":"https:\/\/www.gabinetps.pl\/index.php?rest_route=%2Fwp%2Fv2%2Fmedia&parent=62"}],"curies":[{"name":"wp","href":"https:\/\/api.w.org\/{rel}","templated":true}]}}