{"id":8,"date":"2019-11-03T21:40:08","date_gmt":"2019-11-03T21:40:08","guid":{"rendered":"http:\/\/www.gabinetps.pl\/?page_id=8"},"modified":"2020-01-10T08:13:01","modified_gmt":"2020-01-10T08:13:01","slug":"start","status":"publish","type":"page","link":"https:\/\/www.gabinetps.pl\/","title":{"rendered":"START"},"content":{"rendered":"<p>[et_pb_section fb_built=&#8221;1&#8243; custom_padding_last_edited=&#8221;on|desktop&#8221; admin_label=&#8221;Header&#8221; _builder_version=&#8221;3.26&#8243; background_image=&#8221;https:\/\/www.gabinetps.pl\/wp-content\/uploads\/2019\/11\/psychologist-01.jpg&#8221; parallax=&#8221;on&#8221; custom_margin=&#8221;40px|40px||40px|false|true&#8221; custom_margin_tablet=&#8221;&#8221; custom_margin_phone=&#8221;20px|20px||20px|false|true&#8221; custom_margin_last_edited=&#8221;on|desktop&#8221; custom_padding=&#8221;100px|0px|0px|||&#8221; custom_padding_tablet=&#8221;40px||||false|false&#8221; custom_padding_phone=&#8221;&#8221; border_radii_phone=&#8221;on|20px|20px|20px|20px&#8221; border_radii_last_edited=&#8221;off|desktop&#8221;][et_pb_row column_structure=&#8221;1_2,1_2&#8243; custom_padding_last_edited=&#8221;on|tablet&#8221; _builder_version=&#8221;3.26&#8243; background_enable_color=&#8221;off&#8221; background_image=&#8221;https:\/\/www.gabinetps.pl\/wp-content\/uploads\/2019\/11\/psychologist-03.jpg&#8221; parallax=&#8221;on&#8221; transform_scale_tablet=&#8221;&#8221; transform_scale_phone=&#8221;&#8221; transform_scale_last_edited=&#8221;on|desktop&#8221; transform_translate=&#8221;30px|0px&#8221; transform_translate_tablet=&#8221;0px|0px&#8221; transform_translate_phone=&#8221;&#8221; transform_translate_last_edited=&#8221;on|tablet&#8221; transform_translate_linked=&#8221;off&#8221; transform_rotate_tablet=&#8221;&#8221; transform_rotate_phone=&#8221;&#8221; transform_rotate_last_edited=&#8221;on|desktop&#8221; transform_skew_tablet=&#8221;&#8221; transform_skew_phone=&#8221;&#8221; transform_skew_last_edited=&#8221;on|desktop&#8221; transform_origin_tablet=&#8221;&#8221; transform_origin_phone=&#8221;&#8221; transform_origin_last_edited=&#8221;on|desktop&#8221; transform_styles_last_edited=&#8221;on|tablet&#8221; width_tablet=&#8221;90%&#8221; width_phone=&#8221;&#8221; width_last_edited=&#8221;on|desktop&#8221; max_width=&#8221;1200px&#8221; custom_padding=&#8221;68px|60px|68px|60px|true|true&#8221; custom_padding_tablet=&#8221;60px||60px||true|true&#8221; custom_padding_phone=&#8221;40px|20px|40px|20px|true|true&#8221; transform_styles_tablet=&#8221;&#8221; transform_styles_phone=&#8221;&#8221; border_radii_phone=&#8221;off|8px|8px||&#8221; border_radii_last_edited=&#8221;off|desktop&#8221; box_shadow_style=&#8221;preset3&#8243; box_shadow_vertical=&#8221;40px&#8221; box_shadow_blur=&#8221;110px&#8221; box_shadow_spread=&#8221;0px&#8221; box_shadow_color=&#8221;rgba(9,6,38,0.62)&#8221;][et_pb_column type=&#8221;1_2&#8243; _builder_version=&#8221;3.26&#8243;][et_pb_text _builder_version=&#8221;3.27.4&#8243; text_font_size=&#8221;17px&#8221; text_line_height=&#8221;1.8em&#8221; header_font=&#8221;Taviraj||||||||&#8221; header_font_size=&#8221;60px&#8221; header_line_height=&#8221;1.2em&#8221; max_width=&#8221;600px&#8221; max_width_last_edited=&#8221;off|desktop&#8221; text_font_size_tablet=&#8221;&#8221; text_font_size_phone=&#8221;15px&#8221; text_font_size_last_edited=&#8221;on|desktop&#8221; header_font_size_tablet=&#8221;40px&#8221; header_font_size_phone=&#8221;30px&#8221; header_font_size_last_edited=&#8221;on|desktop&#8221;]<\/p>\n<h1>Psycholog, pedagog i terapeuta<\/h1>\n<p>Cze\u015b\u0107! Nazywam si\u0119 Justyna Witczak, uko\u0144czy\u0142am psychologi\u0119\u00a0 na Uniwersytecie Adama Mickiewicza w Poznaniu, pedagogik\u0119 w Wy\u017cszej Szkole Pedagogicznej w Zielonej G\u00f3rze, podyplomowe Studia z zakresu Pomocy Psychologicznej oraz Diagnozy i Terapii Autyzmu.<\/p>\n<p>[\/et_pb_text][\/et_pb_column][et_pb_column type=&#8221;1_2&#8243; _builder_version=&#8221;3.26&#8243;][\/et_pb_column][\/et_pb_row][\/et_pb_section][et_pb_section fb_built=&#8221;1&#8243; admin_label=&#8221;Services&#8221; _builder_version=&#8221;3.26&#8243; background_color=&#8221;rgba(0,0,0,0)&#8221; custom_margin=&#8221;|40px||40px|false|true&#8221; custom_margin_tablet=&#8221;&#8221; custom_margin_phone=&#8221;|20px||20px|false|true&#8221; custom_margin_last_edited=&#8221;on|tablet&#8221; custom_padding=&#8221;0px||140px|||&#8221;][et_pb_row column_structure=&#8221;3_5,2_5&#8243; custom_padding_last_edited=&#8221;on|desktop&#8221; _builder_version=&#8221;3.26&#8243; background_color=&#8221;#ffffff&#8221; width_tablet=&#8221;90%&#8221; width_phone=&#8221;90%&#8221; width_last_edited=&#8221;on|desktop&#8221; max_width=&#8221;1200px&#8221; overflow-x=&#8221;visible&#8221; overflow-y=&#8221;visible&#8221; custom_margin=&#8221;-30px|auto||auto|false|false&#8221; custom_padding=&#8221;0px|60px|60px|90px|false|false&#8221; custom_padding_tablet=&#8221;|||60px|false|false&#8221; custom_padding_phone=&#8221;|20px||20px|false|true&#8221; z_index=&#8221;0&#8243; box_shadow_style=&#8221;preset3&#8243; box_shadow_vertical=&#8221;40px&#8221; box_shadow_blur=&#8221;110px&#8221; box_shadow_spread=&#8221;0px&#8221; box_shadow_color=&#8221;rgba(131,146,167,0.5)&#8221; width__hover_enabled=&#8221;off&#8221;][et_pb_column type=&#8221;3_5&#8243; _builder_version=&#8221;3.26&#8243; custom_padding=&#8221;48px||||false|false&#8221;][et_pb_text _builder_version=&#8221;3.27.4&#8243; text_font_size=&#8221;17px&#8221; text_line_height=&#8221;1.8em&#8221; header_2_font=&#8221;Taviraj||||||||&#8221; header_2_font_size=&#8221;46px&#8221; header_2_line_height=&#8221;1.2em&#8221; custom_padding=&#8221;||||false|false&#8221; custom_padding_tablet=&#8221;|30px||50px|true|false&#8221; custom_padding_phone=&#8221;|30px|||true|false&#8221; custom_padding_last_edited=&#8221;off|tablet&#8221; text_font_size_tablet=&#8221;&#8221; text_font_size_phone=&#8221;15px&#8221; text_font_size_last_edited=&#8221;on|desktop&#8221; header_2_font_size_tablet=&#8221;40px&#8221; header_2_font_size_phone=&#8221;30px&#8221; header_2_font_size_last_edited=&#8221;on|phone&#8221;]<\/p>\n<h2>Specjalizacja<\/h2>\n<p>Specjalizuj\u0119 si\u0119 w pracy z m\u0142odzie\u017c\u0105 oraz rodzicami nastolatk\u00f3w. Warsztat terapeutyczny w pracy z adolescentami opieram na zasadach nurtu poznawczo-behawioralnego pracuj\u0105c g\u0142\u00f3wnie metodami profesora Philipa Kendalla.<\/p>\n<p>[\/et_pb_text][\/et_pb_column][et_pb_column type=&#8221;2_5&#8243; _builder_version=&#8221;3.26&#8243; overflow-x=&#8221;visible&#8221; overflow-y=&#8221;visible&#8221; custom_padding=&#8221;|30px|30px|30px|false|true&#8221; box_shadow_style=&#8221;preset3&#8243; box_shadow_blur=&#8221;40px&#8221; box_shadow_color=&#8221;rgba(131,146,167,0.3)&#8221;][et_pb_image src=&#8221;https:\/\/www.gabinetps.pl\/wp-content\/uploads\/2019\/12\/FB_IMG_1575318401969.jpg&#8221; align=&#8221;center&#8221; _builder_version=&#8221;4.0.5&#8243; custom_margin=&#8221;-385px|-30px||-30px|false|true&#8221; custom_margin_tablet=&#8221;0px||||false|false&#8221; custom_margin_phone=&#8221;&#8221; custom_margin_last_edited=&#8221;on|phone&#8221; custom_padding=&#8221;0px|||||&#8221; box_shadow_style=&#8221;preset4&#8243; box_shadow_horizontal=&#8221;0px&#8221; box_shadow_vertical=&#8221;200px&#8221; box_shadow_color=&#8221;#ffffff&#8221;][\/et_pb_image][et_pb_text _builder_version=&#8221;3.27.4&#8243; text_font=&#8221;Taviraj||on||||||&#8221; text_font_size=&#8221;16px&#8221; text_line_height=&#8221;1.8em&#8221; background_color=&#8221;#ffffff&#8221; max_width_tablet=&#8221;100%&#8221; max_width_phone=&#8221;100%&#8221; max_width_last_edited=&#8221;on|tablet&#8221; custom_margin=&#8221;||||false|false&#8221; custom_padding_tablet=&#8221;&#8221; custom_padding_phone=&#8221;&#8221; custom_padding_last_edited=&#8221;on|desktop&#8221;]<\/p>\n<p>Post Scriptum to miejsce , kt\u00f3re stworzy\u0142am z my\u015bl\u0105 o Was Doros\u0142ych , M\u0142odzie\u017cy i Dzieciach.<\/p>\n<p>Moim celem jest to , \u017ceby\u015bcie w\u0142a\u015bnie w tym miejscu poczuli si\u0119 komfortowo uzyskuj\u0105c kompleksow\u0105, specjalistyczn\u0105 pomoc.<\/p>\n<p>Zapraszam do zapoznania si\u0119 z moj\u0105 ofert\u0105, ale przede wszystkim ze mn\u0105.<\/p>\n<p>&nbsp;<\/p>\n<p>[\/et_pb_text][et_pb_text _builder_version=&#8221;4.0.5&#8243; text_font=&#8221;Sacramento||||||||&#8221; text_font_size=&#8221;32px&#8221; text_line_height=&#8221;1em&#8221; background_color=&#8221;#ffffff&#8221; text_orientation=&#8221;right&#8221; max_width_tablet=&#8221;100%&#8221; max_width_phone=&#8221;100%&#8221; max_width_last_edited=&#8221;on|tablet&#8221; custom_margin=&#8221;||||false|false&#8221; custom_padding_tablet=&#8221;&#8221; custom_padding_phone=&#8221;&#8221; custom_padding_last_edited=&#8221;on|desktop&#8221; text_text_align=&#8221;right&#8221;]<\/p>\n<p>Justyna Witczak<\/p>\n<p>[\/et_pb_text][\/et_pb_column][\/et_pb_row][et_pb_row column_structure=&#8221;1_3,1_3,1_3&#8243; custom_padding_last_edited=&#8221;on|phone&#8221; _builder_version=&#8221;3.26&#8243; background_color=&#8221;#ffffff&#8221; width_tablet=&#8221;90%&#8221; width_phone=&#8221;90%&#8221; width_last_edited=&#8221;on|phone&#8221; max_width=&#8221;1200px&#8221; custom_padding=&#8221;|60px|60px|90px|false|false&#8221; custom_padding_tablet=&#8221;|||60px|false|false&#8221; custom_padding_phone=&#8221;|20px|20px|20px|false|true&#8221; box_shadow_style=&#8221;preset3&#8243; box_shadow_vertical=&#8221;80px&#8221; box_shadow_blur=&#8221;110px&#8221; box_shadow_spread=&#8221;-40px&#8221; box_shadow_color=&#8221;rgba(131,146,167,0.5)&#8221;][et_pb_column type=&#8221;1_3&#8243; _builder_version=&#8221;3.26&#8243; background_color=&#8221;rgba(0,0,0,0.03)&#8221; custom_padding=&#8221;30px|30px|30px|30px|true|true&#8221;][et_pb_text _builder_version=&#8221;3.27.4&#8243; text_line_height=&#8221;1.8em&#8221; link_font=&#8221;|600|||||||&#8221; link_text_color=&#8221;#8f64f3&#8243; link_line_height=&#8221;1.2em&#8221; header_4_font=&#8221;Taviraj|600|||||||&#8221; header_4_font_size=&#8221;20px&#8221; header_4_line_height=&#8221;1.2em&#8221; max_width=&#8221;100%&#8221; max_width_tablet=&#8221;100%&#8221; max_width_phone=&#8221;100%&#8221; max_width_last_edited=&#8221;off|desktop&#8221; link_option_url=&#8221;#&#8221;]<\/p>\n<h4>Pomoc psychologiczna<\/h4>\n<p>Pomoc psychologiczna i wsparcie z zastosowaniem terapii opartej na nurcie behawioralno \u2013 poznawczym&#8230;<\/p>\n<p>[\/et_pb_text][et_pb_button button_text=&#8221;Czytaj wi\u0119cej&#8221; button_alignment=&#8221;left&#8221; button_alignment_tablet=&#8221;left&#8221; button_alignment_last_edited=&#8221;off|tablet&#8221; _builder_version=&#8221;4.0.5&#8243; custom_button=&#8221;on&#8221; button_text_size=&#8221;16px&#8221; button_text_color=&#8221;#8c1651&#8243; button_bg_color=&#8221;#ffffff&#8221; button_bg_color_gradient_direction=&#8221;172deg&#8221; button_border_width=&#8221;0px&#8221; button_border_color=&#8221;rgba(0,0,0,0)&#8221; button_border_radius=&#8221;0px&#8221; button_font=&#8221;Hind|600|||||||&#8221; custom_margin_tablet=&#8221;|||50px|false|false&#8221; custom_margin_last_edited=&#8221;off|tablet&#8221; custom_padding=&#8221;13px||10px||false|true&#8221; button_bg_color__hover_enabled=&#8221;off&#8221;][\/et_pb_button][\/et_pb_column][et_pb_column type=&#8221;1_3&#8243; _builder_version=&#8221;3.26&#8243; background_color=&#8221;rgba(0,0,0,0.03)&#8221; custom_padding=&#8221;30px|30px|30px|30px|true|true&#8221;][et_pb_text _builder_version=&#8221;3.27.4&#8243; text_line_height=&#8221;1.8em&#8221; link_font=&#8221;|600|||||||&#8221; link_text_color=&#8221;#8f64f3&#8243; link_line_height=&#8221;1.2em&#8221; header_4_font=&#8221;Taviraj|600|||||||&#8221; header_4_font_size=&#8221;20px&#8221; header_4_line_height=&#8221;1.2em&#8221; max_width=&#8221;100%&#8221; max_width_tablet=&#8221;100%&#8221; max_width_phone=&#8221;100%&#8221; max_width_last_edited=&#8221;off|desktop&#8221; link_option_url=&#8221;#&#8221;]<\/p>\n<h4>Warsztaty<\/h4>\n<p>Doskona\u0142a propozycja dla os\u00f3b, kt\u00f3re czuj\u0105, \u017ce czas pomy\u015ble\u0107 o sobie, oraz dla tych kt\u00f3rzy chcieliby podnie\u015b\u0107 swoj\u0105 wiedz\u0119 w procesie wychowawczym&#8230;<\/p>\n<p>[\/et_pb_text][et_pb_button button_text=&#8221;Czytaj wi\u0119cej&#8221; button_alignment=&#8221;left&#8221; button_alignment_tablet=&#8221;left&#8221; button_alignment_last_edited=&#8221;off|tablet&#8221; _builder_version=&#8221;4.0.5&#8243; custom_button=&#8221;on&#8221; button_text_size=&#8221;16px&#8221; button_text_color=&#8221;#8c1651&#8243; button_bg_color=&#8221;#ffffff&#8221; button_bg_color_gradient_direction=&#8221;172deg&#8221; button_border_width=&#8221;0px&#8221; button_border_color=&#8221;rgba(0,0,0,0)&#8221; button_border_radius=&#8221;0px&#8221; button_font=&#8221;Hind|600|||||||&#8221; custom_margin_tablet=&#8221;|||50px|false|false&#8221; custom_margin_last_edited=&#8221;off|tablet&#8221; custom_padding=&#8221;13px||10px||false|true&#8221; button_bg_color__hover_enabled=&#8221;off&#8221;][\/et_pb_button][\/et_pb_column][et_pb_column type=&#8221;1_3&#8243; _builder_version=&#8221;3.26&#8243; background_color=&#8221;rgba(0,0,0,0.03)&#8221; custom_padding=&#8221;30px|30px|30px|30px|true|true&#8221;][et_pb_text _builder_version=&#8221;3.27.4&#8243; text_line_height=&#8221;1.8em&#8221; link_font=&#8221;|600|||||||&#8221; link_text_color=&#8221;#8f64f3&#8243; link_line_height=&#8221;1.2em&#8221; header_4_font=&#8221;Taviraj|600|||||||&#8221; header_4_font_size=&#8221;20px&#8221; header_4_line_height=&#8221;1.2em&#8221; max_width=&#8221;100%&#8221; max_width_tablet=&#8221;100%&#8221; max_width_phone=&#8221;100%&#8221; max_width_last_edited=&#8221;off|desktop&#8221; link_option_url=&#8221;#&#8221;]<\/p>\n<h4>Zaj\u0119cia terapeutyczne<\/h4>\n<p>Wsparcie i trening interpersonalny jako spos\u00f3b na popraw\u0119 samopoczucia i funkcjonowania w \u015brodowisku spo\u0142ecznym&#8230;<\/p>\n<p>[\/et_pb_text][et_pb_button button_text=&#8221;Czytaj wi\u0119cej&#8221; button_alignment=&#8221;left&#8221; button_alignment_tablet=&#8221;left&#8221; button_alignment_last_edited=&#8221;off|tablet&#8221; _builder_version=&#8221;4.0.5&#8243; custom_button=&#8221;on&#8221; button_text_size=&#8221;16px&#8221; button_text_color=&#8221;#8c1651&#8243; button_bg_color=&#8221;#ffffff&#8221; button_bg_color_gradient_direction=&#8221;172deg&#8221; button_border_width=&#8221;0px&#8221; button_border_color=&#8221;rgba(0,0,0,0)&#8221; button_border_radius=&#8221;0px&#8221; button_font=&#8221;Hind|600|||||||&#8221; custom_margin_tablet=&#8221;|||50px|false|false&#8221; custom_margin_last_edited=&#8221;off|tablet&#8221; custom_padding=&#8221;13px||10px||false|true&#8221; button_bg_color__hover_enabled=&#8221;off&#8221;][\/et_pb_button][\/et_pb_column][\/et_pb_row][\/et_pb_section][et_pb_section fb_built=&#8221;1&#8243; admin_label=&#8221;About&#8221; _builder_version=&#8221;3.26&#8243; use_background_color_gradient=&#8221;on&#8221; background_color_gradient_start=&#8221;rgba(255,255,255,0)&#8221; background_color_gradient_end=&#8221;#ffffff&#8221; background_color_gradient_direction=&#8221;160deg&#8221; background_color_gradient_overlays_image=&#8221;on&#8221; background_image=&#8221;https:\/\/www.gabinetps.pl\/wp-content\/uploads\/2019\/11\/psychiatrist_07.jpg&#8221; parallax=&#8221;on&#8221; overflow-x=&#8221;visible&#8221; overflow-y=&#8221;visible&#8221; custom_margin=&#8221;|40px|40px|40px|false|true&#8221; custom_margin_tablet=&#8221;&#8221; custom_margin_phone=&#8221;|20px||20px|false|true&#8221; custom_margin_last_edited=&#8221;on|desktop&#8221; custom_padding=&#8221;0px||0px||true|false&#8221; box_shadow_style=&#8221;preset3&#8243; box_shadow_vertical=&#8221;100px&#8221; box_shadow_blur=&#8221;200px&#8221; box_shadow_spread=&#8221;-50px&#8221; box_shadow_color=&#8221;rgba(131,146,167,0.32)&#8221;][et_pb_row _builder_version=&#8221;3.26&#8243; width_tablet=&#8221;&#8221; width_phone=&#8221;90%&#8221; width_last_edited=&#8221;on|desktop&#8221; custom_margin=&#8221;||||false|false&#8221; custom_padding=&#8221;0px||0px||true|&#8221;][et_pb_column type=&#8221;4_4&#8243; _builder_version=&#8221;3.26&#8243; background_color=&#8221;#ffffff&#8221; custom_padding=&#8221;64px|48px|64px|48px|true|true&#8221; custom_padding_tablet=&#8221;|50px||50px|true|true&#8221; custom_padding_phone=&#8221;20px|20px|20px|20px|true|true&#8221; custom_padding_last_edited=&#8221;on|tablet&#8221; box_shadow_style=&#8221;preset3&#8243; box_shadow_blur=&#8221;80px&#8221; box_shadow_color=&#8221;rgba(255,255,255,0.74)&#8221;][et_pb_text _builder_version=&#8221;4.0.5&#8243; text_font_size=&#8221;17px&#8221; text_line_height=&#8221;1.8em&#8221; header_2_font=&#8221;Taviraj|300|||||||&#8221; header_2_font_size=&#8221;46px&#8221; header_2_line_height=&#8221;1.2em&#8221; custom_margin=&#8221;||0px||false|false&#8221; custom_padding=&#8221;||||false|false&#8221; custom_padding_tablet=&#8221;|30px||50px|true|false&#8221; custom_padding_phone=&#8221;|30px|||true|false&#8221; custom_padding_last_edited=&#8221;off|tablet&#8221; text_font_size_tablet=&#8221;&#8221; text_font_size_phone=&#8221;15px&#8221; text_font_size_last_edited=&#8221;on|desktop&#8221; header_2_font_size_tablet=&#8221;40px&#8221; header_2_font_size_phone=&#8221;30px&#8221; header_2_font_size_last_edited=&#8221;on|phone&#8221;]<\/p>\n<h2><strong>O mnie:<\/strong><\/h2>\n<p>Od czternastu lat prowadz\u0119 w\u0142asna praktyk\u0119 psychologiczn\u0105. Prac\u0119 psychologa staram si\u0119 wykonywa\u0107 profesjonalnie, zgodnie z Kodeksem Etycznym, dbaj\u0105c jednocze\u015bnie o sw\u00f3j w\u0142asny rozw\u00f3j i samodoskonalenie.\u00a0\u00a0\u00a0\u00a0\u00a0\u00a0\u00a0\u00a0\u00a0\u00a0\u00a0<\/p>\n<p>W pracy psychologicznej z dzie\u0107mi i m\u0142odzie\u017c\u0105 pomaga mi te\u017c wiedza i do\u015bwiadczenie zdobyte podczas studi\u00f3w pedagogicznych. Kolejnym obszarem moich zawodowych kompetencji jest praca z osobami doros\u0142ymi oraz \u00a0w wieku senioralnym, osobami z chorobami ot\u0119piennymi oraz ich rodzinami i opiekunami. Aktywnie wsp\u00f3\u0142pracuj\u0119 z Leszczy\u0144skim Stowarzyszeniem Alzheimerowskim. Prowadz\u0119 terapi\u0119 oraz rehabilitacj\u0119 poznawcz\u0105 os\u00f3b starszych, diagnoz\u0119 funkcjonowania poznawczego oraz prowadz\u0119 spotkania psychoedukacyjne z zakresu wiedzy o specyfice funkcjonowania os\u00f3b starszych dla rodzin i opiekun\u00f3w.<\/p>\n<p>Ostatnio rozwin\u0119\u0142am tak\u017ce kompetencje i umiej\u0119tno\u015bci o diagnoz\u0119 i terapi\u0119 os\u00f3b ze spektrum autyzmu<\/p>\n<p>Pracuj\u0119 w nurcie behawioralno-poznawczym, korzystam te\u017c z element\u00f3w neuro-lingwistycznego programowania, z kt\u00f3rego posiadam certyfikat wydany przez Berli\u0144ski Instytut Miltona Ericksona.<\/p>\n<p>Do\u015bwiadczenie zawodowe zdoby\u0142am pracuj\u0105c w szkolnictwie, w jednostce wojskowej, w o\u015brodku wczesnej interwencji, w warsztatach terapii zaj\u0119ciowej oraz w domu piel\u0119gnacyjno-opieku\u0144czym.<\/p>\n<p>Posiadam tak\u017ce do\u015bwiadczenie w prowadzeniu warsztat\u00f3w i szkole\u0144 z r\u00f3\u017cnorodnej tematyki psychologicznej.<\/p>\n<p>&nbsp;<\/p>\n<p>W mojej pracy wa\u017cna jest regularna superwizja i dba\u0142o\u015b\u0107 o w\u0142asny stan ducha. Pomaga mi w tym moja pasja czyli sport , a konkretnie bieganie, najch\u0119tniej w terenie z moim psem Toffikiem.<\/p>\n<p>[\/et_pb_text][et_pb_image src=&#8221;https:\/\/www.gabinetps.pl\/wp-content\/uploads\/2019\/12\/fotka-my.jpg&#8221; align=&#8221;center&#8221; _builder_version=&#8221;4.0.5&#8243; custom_margin=&#8221;30px||||false|false&#8221;][\/et_pb_image][\/et_pb_column][\/et_pb_row][\/et_pb_section]<\/p>\n","protected":false},"excerpt":{"rendered":"<p>Psycholog, pedagog i terapeuta Cze\u015b\u0107! Nazywam si\u0119 Justyna Witczak, uko\u0144czy\u0142am psychologi\u0119\u00a0 na Uniwersytecie Adama Mickiewicza w Poznaniu, pedagogik\u0119 w Wy\u017cszej Szkole Pedagogicznej w Zielonej G\u00f3rze, podyplomowe Studia z zakresu Pomocy Psychologicznej oraz Diagnozy i Terapii Autyzmu.Specjalizacja Specjalizuj\u0119 si\u0119 w pracy z m\u0142odzie\u017c\u0105 oraz rodzicami nastolatk\u00f3w. Warsztat terapeutyczny w pracy z adolescentami opieram na zasadach nurtu [&hellip;]<\/p>\n","protected":false},"author":1,"featured_media":0,"parent":0,"menu_order":0,"comment_status":"closed","ping_status":"closed","template":"","meta":{"_et_pb_use_builder":"on","_et_pb_old_content":"","_et_gb_content_width":"","footnotes":""},"class_list":["post-8","page","type-page","status-publish","hentry"],"_links":{"self":[{"href":"https:\/\/www.gabinetps.pl\/index.php?rest_route=\/wp\/v2\/pages\/8","targetHints":{"allow":["GET"]}}],"collection":[{"href":"https:\/\/www.gabinetps.pl\/index.php?rest_route=\/wp\/v2\/pages"}],"about":[{"href":"https:\/\/www.gabinetps.pl\/index.php?rest_route=\/wp\/v2\/types\/page"}],"author":[{"embeddable":true,"href":"https:\/\/www.gabinetps.pl\/index.php?rest_route=\/wp\/v2\/users\/1"}],"replies":[{"embeddable":true,"href":"https:\/\/www.gabinetps.pl\/index.php?rest_route=%2Fwp%2Fv2%2Fcomments&post=8"}],"version-history":[{"count":19,"href":"https:\/\/www.gabinetps.pl\/index.php?rest_route=\/wp\/v2\/pages\/8\/revisions"}],"predecessor-version":[{"id":120,"href":"https:\/\/www.gabinetps.pl\/index.php?rest_route=\/wp\/v2\/pages\/8\/revisions\/120"}],"wp:attachment":[{"href":"https:\/\/www.gabinetps.pl\/index.php?rest_route=%2Fwp%2Fv2%2Fmedia&parent=8"}],"curies":[{"name":"wp","href":"https:\/\/api.w.org\/{rel}","templated":true}]}}